{"id":140,"date":"2023-06-04T08:01:09","date_gmt":"2023-06-04T12:01:09","guid":{"rendered":"https:\/\/albculture.ca\/?page_id=140"},"modified":"2023-06-15T19:18:00","modified_gmt":"2023-06-15T23:18:00","slug":"biznese-shqiptare-dhe-partnere","status":"publish","type":"page","link":"https:\/\/albculture.ca\/index.php\/biznese-shqiptare-dhe-partnere\/","title":{"rendered":"Biznese"},"content":{"rendered":"\n<p><strong>Biznese Shqiptare dhe Partner\u00eb<\/strong><\/p>\n\n\n\n<p><strong>Ju lutem p\u00ebr bashk\u00ebpunime propozime dhe projekte ju lutem t\u00eb kontaktoni me Kryesin\u00eb.<\/strong><\/p>\n\n\n\n<p><strong>Ju falenderojm\u00eb p\u00ebr bashk\u00ebpunimin.<\/strong><\/p>\n\n\n\n<p>1.) TVALB platforma qe ju ofron 2000+ kanale nga e gjith\u00eb bota si dhe 250+ kanale shqip, kombtare dhe lokale. TVALB \u00ebsht\u00eb nj\u00eb nd\u00ebr kompanit\u00eb e para serioze q\u00eb kontaktoi, dhe realizoi mb\u00ebshtetjen konkrete.<\/p>\n\n\n\n<p>Mb\u00ebshtet aktivitetin e Shoqates Kulturore Shqiptare Montreal me 3 paketa abonimi disa mujor dhurat\u00eb, t\u00eb cilat do t\u00eb shp\u00ebrndahen p\u00ebrgjat\u00eb Piknikut dat\u00eb 18 Qershor 2023, s\u00eb bashku me disa dhurata t\u00eb tjera t\u00eb vogla p\u00ebr f\u00ebmij\u00eb.<\/p>\n\n\n\n<p>SHKSHM falenderon p\u00ebrzem\u00ebrsisht TVALB p\u00ebr d\u00ebrgimin e dhuratave n\u00eb koh\u00eb rekord.<\/p>\n\n\n\n<p><em>P\u00ebr me tep\u00ebr info klikoni n\u00eb linkun:<\/em><\/p>\n\n\n\n<p><a href=\"https:\/\/tvalb.com\/\">https:\/\/tvalb.com\/<\/a><\/p>\n\n\n\n<figure class=\"wp-block-image size-full\"><img loading=\"lazy\" decoding=\"async\" width=\"720\" height=\"720\" src=\"https:\/\/albculture.ca\/wp-content\/uploads\/2023\/06\/TVALB-1.jpeg\" alt=\"\" class=\"wp-image-178\" srcset=\"https:\/\/albculture.ca\/wp-content\/uploads\/2023\/06\/TVALB-1.jpeg 720w, https:\/\/albculture.ca\/wp-content\/uploads\/2023\/06\/TVALB-1-300x300.jpeg 300w, https:\/\/albculture.ca\/wp-content\/uploads\/2023\/06\/TVALB-1-150x150.jpeg 150w\" sizes=\"auto, (max-width: 720px) 100vw, 720px\" \/><\/figure>\n","protected":false},"excerpt":{"rendered":"<p>Biznese Shqiptare dhe Partner\u00eb Ju lutem p\u00ebr bashk\u00ebpunime propozime dhe projekte ju lutem t\u00eb kontaktoni me Kryesin\u00eb. Ju falenderojm\u00eb p\u00ebr bashk\u00ebpunimin. 1.) TVALB platforma qe ju ofron 2000+ kanale nga e gjith\u00eb bota si dhe 250+ kanale shqip, kombtare dhe lokale. TVALB \u00ebsht\u00eb nj\u00eb nd\u00ebr kompanit\u00eb e para serioze q\u00eb kontaktoi, dhe realizoi mb\u00ebshtetjen konkrete. [&hellip;]<\/p>\n","protected":false},"author":1,"featured_media":0,"parent":0,"menu_order":0,"comment_status":"closed","ping_status":"closed","template":"","meta":{"footnotes":""},"class_list":["post-140","page","type-page","status-publish","hentry"],"_links":{"self":[{"href":"https:\/\/albculture.ca\/index.php\/wp-json\/wp\/v2\/pages\/140","targetHints":{"allow":["GET"]}}],"collection":[{"href":"https:\/\/albculture.ca\/index.php\/wp-json\/wp\/v2\/pages"}],"about":[{"href":"https:\/\/albculture.ca\/index.php\/wp-json\/wp\/v2\/types\/page"}],"author":[{"embeddable":true,"href":"https:\/\/albculture.ca\/index.php\/wp-json\/wp\/v2\/users\/1"}],"replies":[{"embeddable":true,"href":"https:\/\/albculture.ca\/index.php\/wp-json\/wp\/v2\/comments?post=140"}],"version-history":[{"count":3,"href":"https:\/\/albculture.ca\/index.php\/wp-json\/wp\/v2\/pages\/140\/revisions"}],"predecessor-version":[{"id":179,"href":"https:\/\/albculture.ca\/index.php\/wp-json\/wp\/v2\/pages\/140\/revisions\/179"}],"wp:attachment":[{"href":"https:\/\/albculture.ca\/index.php\/wp-json\/wp\/v2\/media?parent=140"}],"curies":[{"name":"wp","href":"https:\/\/api.w.org\/{rel}","templated":true}]}}