{"id":16,"date":"2023-06-03T22:58:08","date_gmt":"2023-06-04T02:58:08","guid":{"rendered":"https:\/\/albculture.ca\/?page_id=16"},"modified":"2024-02-14T22:09:06","modified_gmt":"2024-02-15T03:09:06","slug":"njoftim","status":"publish","type":"page","link":"https:\/\/albculture.ca\/index.php\/njoftim\/","title":{"rendered":"Lajm\u00ebrime"},"content":{"rendered":"\n<p class=\"has-vivid-red-color has-text-color has-link-color wp-elements-cc6b08f02452cbb104c02ca64de1aee9\"><em><strong>Ky seksion i faqes \u00ebsht\u00eb hapur q\u00eb t\u00eb ndihmojm\u00eb nj<strong><em>\u00eb<\/em><\/strong>ri-tjetrin, k\u00ebrkoj apo ofroj pun\u00eb, sht\u00ebpi etj.<\/strong><\/em><\/p>\n\n\n\n<p><strong><em>K\u00ebrkoj\/Ofroj:<\/em><\/strong> <\/p>\n\n\n\n<figure class=\"wp-block-image size-full\"><img loading=\"lazy\" decoding=\"async\" width=\"523\" height=\"640\" src=\"https:\/\/albculture.ca\/wp-content\/uploads\/2024\/02\/Lori-2.jpg\" alt=\"\" class=\"wp-image-435\" srcset=\"https:\/\/albculture.ca\/wp-content\/uploads\/2024\/02\/Lori-2.jpg 523w, https:\/\/albculture.ca\/wp-content\/uploads\/2024\/02\/Lori-2-245x300.jpg 245w\" sizes=\"auto, (max-width: 523px) 100vw, 523px\" \/><\/figure>\n\n\n\n<p><strong>Lori Caff\u00e9 ofron vend pune me koh\u00eb t\u00eb plot\u00eb.<\/strong><\/p>\n\n\n\n<p>Tel: +1 (438) 345 9573.<\/p>\n\n\n\n<p>Nga rubrika biznese shqiptare n\u00eb Montreal: Lori Caff\u00e9 b\u00ebn me dije komunitetin se punimet jan\u00eb p\u00ebrfunduar dhe \u00ebsht\u00eb n\u00eb k\u00ebrkim p\u00ebr disa pun\u00ebtor\/pun\u00ebtore p\u00ebr bar, kafe dhe pun\u00ebtor\u00eb ne guzhin\u00eb me ose pa eksperienc\u00eb. Ju lutemi t\u00eb interesuarit t\u00eb kontaktojn\u00eb n\u00eb numrin e telefonit t\u00eb m\u00ebsip\u00ebrm.<\/p>\n\n\n\n<p>9780 <a><\/a>Jeanne Mance St, Montreal, QC H3L 3B4, Canada<\/p>\n\n\n\n<figure class=\"wp-block-image size-full\"><img loading=\"lazy\" decoding=\"async\" width=\"214\" height=\"214\" src=\"https:\/\/albculture.ca\/wp-content\/uploads\/2023\/06\/logo-1-8.png\" alt=\"\" class=\"wp-image-243\" srcset=\"https:\/\/albculture.ca\/wp-content\/uploads\/2023\/06\/logo-1-8.png 214w, https:\/\/albculture.ca\/wp-content\/uploads\/2023\/06\/logo-1-8-150x150.png 150w\" sizes=\"auto, (max-width: 214px) 100vw, 214px\" \/><\/figure>\n","protected":false},"excerpt":{"rendered":"<p>Ky seksion i faqes \u00ebsht\u00eb hapur q\u00eb t\u00eb ndihmojm\u00eb nj\u00ebri-tjetrin, k\u00ebrkoj apo ofroj pun\u00eb, sht\u00ebpi etj. K\u00ebrkoj\/Ofroj: Lori Caff\u00e9 ofron vend pune me koh\u00eb t\u00eb plot\u00eb. Tel: +1 (438) 345 9573. Nga rubrika biznese shqiptare n\u00eb Montreal: Lori Caff\u00e9 b\u00ebn me dije komunitetin se punimet jan\u00eb p\u00ebrfunduar dhe \u00ebsht\u00eb n\u00eb k\u00ebrkim p\u00ebr disa pun\u00ebtor\/pun\u00ebtore p\u00ebr [&hellip;]<\/p>\n","protected":false},"author":1,"featured_media":355,"parent":0,"menu_order":0,"comment_status":"closed","ping_status":"closed","template":"","meta":{"footnotes":""},"class_list":["post-16","page","type-page","status-publish","has-post-thumbnail","hentry"],"_links":{"self":[{"href":"https:\/\/albculture.ca\/index.php\/wp-json\/wp\/v2\/pages\/16","targetHints":{"allow":["GET"]}}],"collection":[{"href":"https:\/\/albculture.ca\/index.php\/wp-json\/wp\/v2\/pages"}],"about":[{"href":"https:\/\/albculture.ca\/index.php\/wp-json\/wp\/v2\/types\/page"}],"author":[{"embeddable":true,"href":"https:\/\/albculture.ca\/index.php\/wp-json\/wp\/v2\/users\/1"}],"replies":[{"embeddable":true,"href":"https:\/\/albculture.ca\/index.php\/wp-json\/wp\/v2\/comments?post=16"}],"version-history":[{"count":9,"href":"https:\/\/albculture.ca\/index.php\/wp-json\/wp\/v2\/pages\/16\/revisions"}],"predecessor-version":[{"id":436,"href":"https:\/\/albculture.ca\/index.php\/wp-json\/wp\/v2\/pages\/16\/revisions\/436"}],"wp:featuredmedia":[{"embeddable":true,"href":"https:\/\/albculture.ca\/index.php\/wp-json\/wp\/v2\/media\/355"}],"wp:attachment":[{"href":"https:\/\/albculture.ca\/index.php\/wp-json\/wp\/v2\/media?parent=16"}],"curies":[{"name":"wp","href":"https:\/\/api.w.org\/{rel}","templated":true}]}}