{"id":2,"date":"2023-05-31T23:52:25","date_gmt":"2023-05-31T23:52:25","guid":{"rendered":"https:\/\/albculture.ca\/?page_id=2"},"modified":"2024-11-15T23:22:24","modified_gmt":"2024-11-16T04:22:24","slug":"sample-page","status":"publish","type":"page","link":"https:\/\/albculture.ca\/index.php\/sample-page\/","title":{"rendered":"Video\/Foto"},"content":{"rendered":"\n<h2 class=\"wp-block-heading has-white-color has-vivid-red-background-color has-text-color has-background has-link-color wp-elements-1ff829557a63ce02e250c001082347a3\"><strong>Grupi Albos Provat Festa e N\u00ebntorit 202<\/strong>4<\/h2>\n\n\n\n<figure class=\"wp-block-image size-large\"><img loading=\"lazy\" decoding=\"async\" width=\"1024\" height=\"740\" src=\"https:\/\/albculture.ca\/wp-content\/uploads\/2024\/11\/Albos-8-1024x740.jpg\" alt=\"\" class=\"wp-image-808\" srcset=\"https:\/\/albculture.ca\/wp-content\/uploads\/2024\/11\/Albos-8-1024x740.jpg 1024w, https:\/\/albculture.ca\/wp-content\/uploads\/2024\/11\/Albos-8-300x217.jpg 300w, https:\/\/albculture.ca\/wp-content\/uploads\/2024\/11\/Albos-8-768x555.jpg 768w, https:\/\/albculture.ca\/wp-content\/uploads\/2024\/11\/Albos-8.jpg 1159w\" sizes=\"auto, (max-width: 1024px) 100vw, 1024px\" \/><\/figure>\n\n\n\n<p class=\"has-white-color has-vivid-red-background-color has-text-color has-background has-link-color wp-elements-aae47f071fbc19b0d8388148953e0007\"><strong>Forumi i librit me Autorin Ilir Ikonomi Biblioteka e Madhe Montreal 6 Tetor 2024<\/strong><\/p>\n\n\n\n<figure class=\"wp-block-image size-large\"><img loading=\"lazy\" decoding=\"async\" width=\"1024\" height=\"547\" src=\"https:\/\/albculture.ca\/wp-content\/uploads\/2024\/11\/Ilir-Ikonomi-1024x547.jpg\" alt=\"\" class=\"wp-image-812\" srcset=\"https:\/\/albculture.ca\/wp-content\/uploads\/2024\/11\/Ilir-Ikonomi-1024x547.jpg 1024w, https:\/\/albculture.ca\/wp-content\/uploads\/2024\/11\/Ilir-Ikonomi-300x160.jpg 300w, https:\/\/albculture.ca\/wp-content\/uploads\/2024\/11\/Ilir-Ikonomi-768x410.jpg 768w, https:\/\/albculture.ca\/wp-content\/uploads\/2024\/11\/Ilir-Ikonomi-1536x821.jpg 1536w, https:\/\/albculture.ca\/wp-content\/uploads\/2024\/11\/Ilir-Ikonomi.jpg 1600w\" sizes=\"auto, (max-width: 1024px) 100vw, 1024px\" \/><\/figure>\n\n\n\n<p class=\"has-white-color has-vivid-red-background-color has-text-color has-background has-link-color wp-elements-da371c73b4c1a6c1c15975260a1393f1\"><strong>Asambleja e P\u00ebrgjithshme 21 Prill 2024<\/strong> <strong>Montreal<\/strong><\/p>\n\n\n\n<figure class=\"wp-block-embed is-type-video is-provider-youtube wp-block-embed-youtube wp-embed-aspect-16-9 wp-has-aspect-ratio\"><div class=\"wp-block-embed__wrapper\">\n<iframe loading=\"lazy\" title=\"Asambleja e p\u00ebrgjithshme 21 prill 2024 Montr\u00e9al\" width=\"640\" height=\"360\" src=\"https:\/\/www.youtube.com\/embed\/vS4eHjekCYw?feature=oembed\" frameborder=\"0\" allow=\"accelerometer; autoplay; clipboard-write; encrypted-media; gyroscope; picture-in-picture; web-share\" referrerpolicy=\"strict-origin-when-cross-origin\" allowfullscreen><\/iframe>\n<\/div><\/figure>\n\n\n\n<p class=\"has-white-color has-vivid-red-background-color has-text-color has-background has-link-color wp-elements-44c4491dc345b4e5d1bc8242f6dba40a\"><strong>Grupi Albos Festa e N\u00ebntorit 2023<\/strong><\/p>\n\n\n\n<figure class=\"wp-block-image size-large\"><img decoding=\"async\" src=\"https:\/\/albculture.ca\/wp-content\/uploads\/2024\/01\/Grupi-Albos-1-1024x724.jpg\" alt=\"\" class=\"wp-image-395\"\/><\/figure>\n\n\n\n<figure class=\"wp-block-image size-large\"><img loading=\"lazy\" decoding=\"async\" width=\"1024\" height=\"685\" src=\"https:\/\/albculture.ca\/wp-content\/uploads\/2023\/06\/DSC00709.psd.test-0-1024x685.jpg\" alt=\"\" class=\"wp-image-235\" srcset=\"https:\/\/albculture.ca\/wp-content\/uploads\/2023\/06\/DSC00709.psd.test-0-1024x685.jpg 1024w, https:\/\/albculture.ca\/wp-content\/uploads\/2023\/06\/DSC00709.psd.test-0-300x201.jpg 300w, https:\/\/albculture.ca\/wp-content\/uploads\/2023\/06\/DSC00709.psd.test-0-768x514.jpg 768w, https:\/\/albculture.ca\/wp-content\/uploads\/2023\/06\/DSC00709.psd.test-0-1536x1028.jpg 1536w, https:\/\/albculture.ca\/wp-content\/uploads\/2023\/06\/DSC00709.psd.test-0-2048x1370.jpg 2048w\" sizes=\"auto, (max-width: 1024px) 100vw, 1024px\" \/><\/figure>\n\n\n\n<figure class=\"wp-block-image size-full\"><img loading=\"lazy\" decoding=\"async\" width=\"1024\" height=\"685\" src=\"https:\/\/albculture.ca\/wp-content\/uploads\/2023\/06\/Pikniku-1.jpg\" alt=\"\" class=\"wp-image-126\" srcset=\"https:\/\/albculture.ca\/wp-content\/uploads\/2023\/06\/Pikniku-1.jpg 1024w, https:\/\/albculture.ca\/wp-content\/uploads\/2023\/06\/Pikniku-1-300x201.jpg 300w, https:\/\/albculture.ca\/wp-content\/uploads\/2023\/06\/Pikniku-1-768x514.jpg 768w\" sizes=\"auto, (max-width: 1024px) 100vw, 1024px\" \/><\/figure>\n\n\n\n<figure class=\"wp-block-image size-full\"><img loading=\"lazy\" decoding=\"async\" width=\"1021\" height=\"679\" src=\"https:\/\/albculture.ca\/wp-content\/uploads\/2023\/06\/Events-2.jpg\" alt=\"\" class=\"wp-image-127\" srcset=\"https:\/\/albculture.ca\/wp-content\/uploads\/2023\/06\/Events-2.jpg 1021w, https:\/\/albculture.ca\/wp-content\/uploads\/2023\/06\/Events-2-300x200.jpg 300w, https:\/\/albculture.ca\/wp-content\/uploads\/2023\/06\/Events-2-768x511.jpg 768w\" sizes=\"auto, (max-width: 1021px) 100vw, 1021px\" \/><\/figure>\n","protected":false},"excerpt":{"rendered":"<p>Grupi Albos Provat Festa e N\u00ebntorit 2024 Forumi i librit me Autorin Ilir Ikonomi Biblioteka e Madhe Montreal 6 Tetor 2024 Asambleja e P\u00ebrgjithshme 21 Prill 2024 Montreal Grupi Albos Festa e N\u00ebntorit 2023<\/p>\n","protected":false},"author":1,"featured_media":0,"parent":0,"menu_order":0,"comment_status":"closed","ping_status":"open","template":"","meta":{"footnotes":""},"class_list":["post-2","page","type-page","status-publish","hentry"],"_links":{"self":[{"href":"https:\/\/albculture.ca\/index.php\/wp-json\/wp\/v2\/pages\/2","targetHints":{"allow":["GET"]}}],"collection":[{"href":"https:\/\/albculture.ca\/index.php\/wp-json\/wp\/v2\/pages"}],"about":[{"href":"https:\/\/albculture.ca\/index.php\/wp-json\/wp\/v2\/types\/page"}],"author":[{"embeddable":true,"href":"https:\/\/albculture.ca\/index.php\/wp-json\/wp\/v2\/users\/1"}],"replies":[{"embeddable":true,"href":"https:\/\/albculture.ca\/index.php\/wp-json\/wp\/v2\/comments?post=2"}],"version-history":[{"count":16,"href":"https:\/\/albculture.ca\/index.php\/wp-json\/wp\/v2\/pages\/2\/revisions"}],"predecessor-version":[{"id":813,"href":"https:\/\/albculture.ca\/index.php\/wp-json\/wp\/v2\/pages\/2\/revisions\/813"}],"wp:attachment":[{"href":"https:\/\/albculture.ca\/index.php\/wp-json\/wp\/v2\/media?parent=2"}],"curies":[{"name":"wp","href":"https:\/\/api.w.org\/{rel}","templated":true}]}}