{"id":24,"date":"2023-05-31T22:07:44","date_gmt":"2023-06-01T02:07:44","guid":{"rendered":"https:\/\/albculture.ca\/?page_id=24"},"modified":"2025-09-09T21:52:03","modified_gmt":"2025-09-10T01:52:03","slug":"24-2","status":"publish","type":"page","link":"https:\/\/albculture.ca\/index.php\/24-2\/","title":{"rendered":"K\u00ebshilli Drejtues"},"content":{"rendered":"\n<h5 class=\"wp-block-heading has-text-align-left has-vivid-red-color has-cyan-bluish-gray-background-color has-text-color has-background\"><strong>SHOQATA KULTURORE SHQIPTARE MONTREAL &#8211; KRYESIA<\/strong><\/h5>\n\n\n\n<p>T\u00eb nderuar an\u00ebtar\u00eb dhe dashamir\u00ebs t\u00eb Shoqat\u00ebs Kulturore Shqiptare t\u00eb Montrealit (Sh.K.Sh.M.),<\/p>\n\n\n\n<p>N\u00eb dat\u00ebn 6 prill 2025 u mbajt mbledhja e p\u00ebrgjithshme e Sh.K.Sh.M., ku u analizua puna dy vje\u00e7are e saj dhe u diskutua synimi n\u00eb funksion t\u00eb vazhdim\u00ebsis\u00eb. Nga pjes\u00ebmarrja, u vu re nj\u00eb interesim i plot\u00eb i an\u00ebtar\u00ebve dhe angazhimi i tyre p\u00ebr t\u00eb gjall\u00ebruar pun\u00ebn e shoqat\u00ebs son\u00eb dhe p\u00ebr ta ngritur at\u00eb n\u00eb nj\u00eb nivel t\u00eb ri. E ve\u00e7anta e k\u00ebsaj mbledhjeje ishte pjes\u00ebmarrja e t\u00eb rinjve, t\u00eb cil\u00ebt do t\u00eb garantojn\u00eb nj\u00eb impuls pozitiv dhe rritje cil\u00ebsore p\u00ebr aktivitetet tona n\u00eb t\u00eb ardhmen.<\/p>\n\n\n\n<p>Diskutimet nxorr\u00ebn n\u00eb pah pun\u00ebn e lavd\u00ebrueshme t\u00eb b\u00ebr\u00eb nga kryesia, gjat\u00eb dy viteve para pandemis\u00eb.<\/p>\n\n\n\n<p>An\u00ebtar\u00ebt q\u00eb mor\u00ebn fjal\u00ebn shpreh\u00ebn d\u00ebshir\u00ebn p\u00ebr t\u00eb dh\u00ebn\u00eb kontribute reale n\u00eb krijimin e nj\u00eb game aktivitetesh t\u00eb q\u00ebndrueshme n\u00eb form\u00eb tradicionale. Objekti i tyre do t\u00eb jet\u00eb afrimi dhe kujdesi kundrejt t\u00eb gjitha grupmoshave, sidomos t\u00eb rinjve, me q\u00ebllim q\u00eb t\u00eb garantohet transmetimi i vlerave dhe traditave m\u00eb t\u00eb mira shqiptare nd\u00ebr breza.<\/p>\n\n\n\n<p>N\u00eb p\u00ebrfundim t\u00eb k\u00ebsaj mbledhjeje u zgjodh dhe kryesia e re. An\u00ebtar\u00ebt e kryesis\u00eb, po i prezantojm\u00eb shkurtimisht m\u00eb posht\u00eb:<\/p>\n\n\n\n<p class=\"has-vivid-red-color has-cyan-bluish-gray-background-color has-text-color has-background\"><strong><strong>Julinda Basha, Kryetare<\/strong><\/strong><\/p>\n\n\n\n<p>Ka mbaruar shkoll\u00ebn e lart\u00eb n\u00eb Tiran\u00eb p\u00ebr Infermieri e P\u00ebrgjithshme, me specializim n\u00eb neurologji. Mbas nj\u00eb karriere t\u00eb gjat\u00eb n\u00eb infermieri si n\u00eb Shqip\u00ebri dhe n\u00eb Itali, mbaron dhe specializimin n\u00eb infermieri kardiologji n\u00eb Montreal. Aktualisht punon n\u00eb \u00ab Institut de cardiologie de Montr\u00e9al \u00bb. P\u00ebr m\u00eb tep\u00ebr, zhvillon paralelisht nje aktivitet privat n\u00eb linj\u00eb me kompanin\u00eb Arbonne si dhe ka n\u00eb pron\u00ebsi nj\u00eb sallon bukurie &amp; estetike.<\/p>\n\n\n\n<p class=\"has-vivid-red-color has-cyan-bluish-gray-background-color has-text-color has-background\"><strong>Korab Xharra, N\u00ebnkryetar<\/strong><\/p>\n\n\n\n<p>Me origjin\u00eb nga Gjakova dhe banues n\u00eb Montreal q\u00eb prej vitit 1999, Korab Xharra \u00ebsht\u00eb nj\u00eb figur\u00eb e njohur n\u00eb komunitetin shqiptar t\u00eb qytetit. Q\u00eb nga ardhja e tij n\u00eb Kanada, ai \u00ebsht\u00eb angazhuar me p\u00ebrkushtim n\u00eb jet\u00ebn komunitare shqiptare, duke kontribuar aktivisht n\u00eb ruajtjen dhe promovimin e identitetit ton\u00eb komb\u00ebtar.<\/p>\n\n\n\n<p>N\u00eb jet\u00ebn profesionale, Korabi \u00ebsht\u00eb broker imobiliar n\u00eb fush\u00ebn rezidenciale, nd\u00ebrsa n\u00eb planin shoq\u00ebror dhe kulturor ka qen\u00eb gjithmon\u00eb i lidhur ngusht\u00eb me komunitetin. \u00cbsht\u00eb nj\u00eb nga themeluesit dhe drejtuesit e Shoqat\u00ebs \u201cKosova\u201d n\u00eb Montreal, nj\u00eb organizat\u00eb q\u00eb ka luajtur rol t\u00eb r\u00ebnd\u00ebsish\u00ebm n\u00eb bashkimin e shqiptar\u00ebve t\u00eb zon\u00ebs dhe n\u00eb mb\u00ebshtetjen e \u00e7\u00ebshtjes komb\u00ebtare, sidomos n\u00eb vitet e para t\u00eb diaspor\u00ebs.<\/p>\n\n\n\n<p>Sot, n\u00eb rolin e n\u00ebnkryetarit t\u00eb Shoqat\u00ebs Kulturore Shqiptare n\u00eb Montreal, Korabi synon t\u00eb vazhdoj\u00eb k\u00ebt\u00eb rrug\u00ebtim me pasion dhe p\u00ebrkushtim \u2014 duke forcuar lidhjet mes brezave, organizuar aktivitete q\u00eb pasqyrojn\u00eb historin\u00eb dhe vlerat shqiptare, dhe duke krijuar nj\u00eb hap\u00ebsir\u00eb t\u00eb gjall\u00eb e p\u00ebrfaq\u00ebsuese p\u00ebr t\u00eb gjith\u00eb shqiptar\u00ebt e Montrealit.<\/p>\n\n\n\n<p class=\"has-vivid-red-color has-cyan-bluish-gray-background-color has-text-color has-background\"><strong>Azra Isufi Gushta, Sektretare<\/strong><\/p>\n\n\n\n<p>Azra \u00ebsht\u00eb nj\u00eb nd\u00ebr an\u00ebtaret m\u00eb t\u00eb p\u00ebrkushtuara t\u00eb Shoqat\u00ebs Kulturore Shqiptare n\u00eb Montreal, e cila me profesionaliz\u00ebm dhe p\u00ebrkushtim kontribuon prej n\u00eb jet\u00ebn e komunitetit shqiptar n\u00eb k\u00ebt\u00eb qytet.<\/p>\n\n\n\n<p>Ajo ka p\u00ebrfunduar studimet n\u00eb Financ\u00eb-Kontabilitet n\u00eb Universitetin e Shkodr\u00ebs dhe m\u00eb pas ka mbrojtur masterin n\u00eb Finance &amp; Banking n\u00eb Universitetin \u201cAleksand\u00ebr Moisiu\u201d t\u00eb Durr\u00ebsit.<\/p>\n\n\n\n<p>P\u00ebr m\u00eb shum\u00eb se nj\u00eb dekad\u00eb, Azra ka nd\u00ebrtuar nj\u00eb karrier\u00eb t\u00eb suksesshme n\u00eb sektorin bankar shqiptar, duke punuar n\u00eb institucione t\u00eb njohura si Credins Bank, Societe Generale Albania dhe OTP Bank, n\u00eb pozita t\u00eb r\u00ebnd\u00ebsishme si k\u00ebshilltare p\u00ebr kredidh\u00ebnie, hipotek\u00eb dhe sh\u00ebrbim ndaj klientit.<\/p>\n\n\n\n<p>Pas zhvendosjes n\u00eb Montreal, ajo vazhdoi rrug\u00ebtimin e saj profesional, duke punuar aktualisht si agjente financiare n\u00eb sh\u00ebrbimet gjyq\u00ebsore pran\u00eb Ministris\u00eb s\u00eb Drejt\u00ebsis\u00eb s\u00eb Quebec-ut, dhe gjithashtu si celebruese e martesave civile.<\/p>\n\n\n\n<p>N\u00eb Shoqat\u00ebn Kulturore Shqiptare n\u00eb Montreal, Azra mban rolin e sekretares, nj\u00eb pozicion ky\u00e7 n\u00eb struktur\u00ebn organizative t\u00eb shoqat\u00ebs. Me p\u00ebrpik\u00ebri dhe p\u00ebrgjegj\u00ebsi, ajo kujdeset p\u00ebr dokumentacionin, komunikimin dhe koordinimin e aktiviteteve tona.<\/p>\n\n\n\n<p>Ajo \u00ebsht\u00eb nj\u00eb pjes\u00eb thelb\u00ebsore e shoqat\u00ebs son\u00eb, dhe p\u00ebrmes angazhimit t\u00eb saj t\u00eb palodhur, ndihmon n\u00eb forcimin e komunitetit shqiptar dhe ruajtjen e vlerave tona kulturore n\u00eb diaspor\u00eb.<\/p>\n\n\n\n<p class=\"has-vivid-red-color has-cyan-bluish-gray-background-color has-text-color has-background\"><strong>Merita Bashari, Financiere<\/strong><\/p>\n\n\n\n<p>Ka mbaruar Fakultetin e Ekonomis\u00eb n\u00eb UT dhe studimet p\u00ebr Kontabilitet Profesional n\u00eb \u02baHEC\u02ba, Montreal. Ka punuar p\u00ebr \u02baNations Women\u2019s Group\u02ba n\u00eb Cairo dhe \u02baDakar Women\u2019s Group\u02ba n\u00eb Senegal. Mbas nj\u00eb karriere tek \u02baBanque Nationale\u02ba, tashm\u00eb \u00ebsht\u00eb n\u00eb pension.<\/p>\n\n\n\n<p class=\"has-vivid-red-color has-cyan-bluish-gray-background-color has-text-color has-background\"><strong>Anna Hasa, An\u00ebtare kryesie<\/strong><\/p>\n\n\n\n<p>Anna Hasa, e lindur dhe e shkolluar n\u00eb Shqip\u00ebri, ka jetuar p\u00ebr disa vite n\u00eb Europ\u00eb p\u00ebrpara se t\u00eb vendosej n\u00eb Kanada. Pervoja e saj n\u00eb vende t\u00eb ndryshme e ka pasuruar me nj\u00eb vizion t\u00eb gjer\u00eb kulturor, duke e b\u00ebr\u00eb edhe m\u00eb t\u00eb vendosur p\u00ebr t\u00eb ruajtur dhe promovuar identitetin shqiptar kudo q\u00eb jeton.<\/p>\n\n\n\n<p>Me profesion, Anna \u00ebsht\u00eb estetiste, nj\u00eb fush\u00eb ku p\u00ebrkushtimi, kujdesi dhe kreativiteti shihen \u00e7do dit\u00eb n\u00eb pun\u00ebn e saj.<\/p>\n\n\n\n<p>Ajo \u00ebsht\u00eb e angazhuar n\u00eb Shoqat\u00ebn Kulturore Shqiptare n\u00eb Montreal, me d\u00ebshir\u00ebn p\u00ebr t\u00eb qen\u00eb m\u00eb pran\u00eb bashk\u00ebkombasve dhe p\u00ebr t\u2019i bashkuar ata rreth gjuh\u00ebs, kultur\u00ebs dhe tradit\u00ebs son\u00eb.<\/p>\n\n\n\n<p>Anna \u00ebsht\u00eb krijuesja dhe sot koordinatore e grupit t\u00eb valleve Albos, i cili u formua nga 10 vajza shqiptare q\u00eb rriten dit\u00eb pas dite si fizikisht ashtu edhe profesionalisht. Kontributi i saj n\u00eb Shoqat\u00eb \u00ebsht\u00eb i \u00e7muar, sidomos n\u00eb komunikim, organizim eventesh dhe n\u00eb p\u00ebrkushtimin e saj vullnetar.<\/p>\n\n\n\n<p>P\u00ebr An\u00ebn, kjo shoqat\u00eb nuk \u00ebsht\u00eb vet\u00ebm nj\u00eb vend aktivitetesh, por nj\u00eb familje e madhe, ku \u00e7do shqiptar ndihet i lidhur me rr\u00ebnj\u00ebt e veta, pavar\u00ebsisht larg\u00ebsis\u00eb nga atdheu.<\/p>\n\n\n\n<p class=\"has-vivid-red-color has-cyan-bluish-gray-background-color has-text-color has-background\"><strong>Anila Hasko, H.D, B.Sc, M.Ed, An\u00ebtare kryesie<\/strong><\/p>\n\n\n\n<p>Me mbi 26 vite q\u00eb jeton n\u00eb Montreal, Anila Hasko \u00ebsht\u00eb nj\u00eb profesioniste e p\u00ebrkushtuar n\u00eb fush\u00ebn e sh\u00ebndetit t\u00eb goj\u00ebs, edukimit dhe angazhimit komunitar.<\/p>\n\n\n\n<p>Ka p\u00ebrfunduar studimet p\u00ebr Stomatologji n\u00eb Universitetin e Tiran\u00ebs dhe \u00ebsht\u00eb diplomuar p\u00ebr Higjien\u00eb Dentare n\u00eb John Abbott College, ku q\u00eb prej vitit 2008 punon si pedagoge n\u00eb programin e Higjien\u00ebs Dentare.<\/p>\n\n\n\n<p>Paralelisht, Anila ushtron profesionin n\u00eb klinik\u00ebn e saj t\u00eb pavarur OraSmile, dhe angazhohet n\u00eb kompanin\u00eb nd\u00ebrkomb\u00ebtare Arbonne, duke ndjekur pasionin p\u00ebr mir\u00ebqenien dhe kujdesin personal.<\/p>\n\n\n\n<p>Me p\u00ebrkushtim t\u00eb ve\u00e7ant\u00eb ndaj gjuh\u00ebs dhe trash\u00ebgimis\u00eb shqiptare, Anila \u00ebsht\u00eb gjithashtu koordinatore e Shkoll\u00ebs Shqipe \u201cNaim Frash\u00ebri\u201d n\u00eb Montreal, ku luan nj\u00eb rol ky\u00e7 n\u00eb edukimin e brezit t\u00eb ri n\u00eb gjuh\u00ebn amtare.<\/p>\n\n\n\n<p>Pjes\u00ebmarrja e saj n\u00eb K\u00ebshillin Drejtues t\u00eb Shoqat\u00ebs Kulturore Shqiptare n\u00eb Montreal pasqyron nj\u00eb p\u00ebrkushtim t\u00eb thell\u00eb p\u00ebr ruajtjen e identitetit shqiptar n\u00eb diaspor\u00eb, duke sjell\u00eb vlera t\u00eb \u00e7muara p\u00ebr komunitetin ton\u00eb.<\/p>\n\n\n\n<p class=\"has-vivid-red-color has-cyan-bluish-gray-background-color has-text-color has-background\"><strong>Ralf Carcani, An\u00ebtar kryesie<\/strong><\/p>\n\n\n\n<p>I lindur n\u00eb Durr\u00ebs, Ralf Carcani u shp\u00ebrngul n\u00eb Kanada me familjen n\u00eb mosh\u00ebn 7-vje\u00e7are dhe deri n\u00eb mosh\u00ebn 18-vje\u00e7are kaloi \u00e7do ver\u00eb n\u00eb Shqip\u00ebri, duke ruajtur rrjedhshm\u00ebrin\u00eb n\u00eb gjuh\u00ebn shqipe.<\/p>\n\n\n\n<p>Sot, Ralfi \u00ebsht\u00eb agjent imobiliar p\u00ebr prona korporative dhe komerciale pran\u00eb CBRE, kompanis\u00eb m\u00eb t\u00eb madhe n\u00eb bot\u00eb p\u00ebr sh\u00ebrbime imobiliare dhe pjes\u00eb e list\u00ebs Fortune 500. Klient\u00ebt e tij jan\u00eb institucione t\u00eb r\u00ebnd\u00ebsishme dhe shpesh nd\u00ebrkomb\u00ebtare, p\u00ebrfshir\u00eb Bank\u00ebn e Zhvillimit t\u00eb Kanadas\u00eb. N\u00eb vitin 2022, n\u00eb mosh\u00ebn 24 vje\u00e7, fitoi \u00e7mimin Emerging Leader for Canada brenda CBRE.<\/p>\n\n\n\n<p>N\u00eb koh\u00ebn e lir\u00eb, Ralfi i bie kitar\u00ebs, \u00ebsht\u00eb aktiv n\u00eb st\u00ebrvitje fizike e \u00e7ikliz\u00ebm, dhe merret me investime imobiliare me familjen. S\u00eb fundmi, ai \u00ebsht\u00eb b\u00ebr\u00eb pjes\u00eb e Shoqat\u00ebs Kulturore Shqiptare n\u00eb Montreal p\u00ebr t\u00eb kontribuar n\u00eb promovimin e kultur\u00ebs shqiptare pran\u00eb rinis\u00eb shqiptaro-kanadeze.<\/p>\n\n\n\n<p class=\"has-vivid-red-color has-cyan-bluish-gray-background-color has-text-color has-background\"><strong>Anastasia Guberaj, An\u00ebtare kryesie<\/strong><\/p>\n\n\n\n<p>Anastasia ka p\u00ebrfunduar specializimin n\u00eb Fizik\u00eb n\u00eb Concordia University. Me origjin\u00eb nga Vlora, \u00ebsht\u00eb rritur n\u00eb Greqi dhe prej 5 vitesh jeton n\u00eb Kanada. Aktualisht, punon me koh\u00eb t\u00eb pjesshme si m\u00ebsuese n\u00eb Shkoll\u00ebn Greke t\u00eb Montrealit, ku i m\u00ebson f\u00ebmij\u00ebve gjuh\u00ebn dhe kultur\u00ebn greke, duke kontribuar n\u00eb ruajtjen e trash\u00ebgimis\u00eb kulturore.<\/p>\n\n\n\n<p>P\u00ebr 3 vite me radh\u00eb, Anastasia ka qen\u00eb N\u00ebnkryetare e Financimeve n\u00eb Concordia Relay for Life, ku ka organizuar me p\u00ebrkushtim aktivitete p\u00ebr mbledhje fondesh n\u00eb mb\u00ebshtetje t\u00eb Canadian Cancer Society<\/p>\n\n\n\n<p>Tashm\u00eb, Anastasia \u00ebsht\u00eb pjes\u00eb aktive e Shoqat\u00ebs Kulturore Shqiptare ne Montreal, me d\u00ebshir\u00ebn p\u00ebr t\u00eb qen\u00eb m\u00eb pran\u00eb rr\u00ebnj\u00ebve t\u00eb saj dhe p\u00ebr t\u00eb kontribuar me pasion n\u00eb jet\u00ebn kulturore e shoq\u00ebrore t\u00eb komunitetit shqiptar n\u00eb Montreal.<\/p>\n\n\n\n<p class=\"has-vivid-red-color has-cyan-bluish-gray-background-color has-text-color has-background\"><strong>Mentor Avdiu, An\u00ebtar kryesie<\/strong><\/p>\n\n\n\n<p>Ka lindur n\u00eb qytetin e Beratit, n\u00eb vitin 93 emigron n\u00eb Greqi aty me pasion profesionalizohet si elekto-mekanik n\u00eb industrin\u00eb ushqimore. M\u00eb tej ai hap kompanin\u00eb e par\u00eb n\u00eb riparimin e paisjeve p\u00ebr guzhinat komerciale, q\u00eb e drejton nga 2003 deri 2013. Po n\u00eb k\u00ebt\u00eb vit ai zhvendoset n\u00eb Montreal fillon pun\u00eb si specialist i k\u00ebsaj fushe. Pa mbushur vitin hapi n\u00eb Montreal kompanin\u00eb p\u00ebr riparme, mir\u00ebmbajte t\u00eb paisjeve p\u00ebr t\u00eb gjitha llojet e guzhinave. At\u00eb e karakterizon korrektesa dhe cil\u00ebsia n\u00eb pun\u00eb.<\/p>\n\n\n\n<p class=\"has-vivid-red-color has-cyan-bluish-gray-background-color has-text-color has-background\"><strong>Ermir Dardha, An\u00ebtar kryesie<\/strong><\/p>\n\n\n\n<p>BSc, BA, MBA, ka prej m\u00eb shum\u00eb se nj\u00eb dekade q\u00eb banon n\u00eb Montr\u00e9al, Kanada. Ai \u00ebsht\u00eb student i brezit t\u00eb par\u00eb shqiptaro-amerikan q\u00eb ka kryer studimet gjat\u00eb 2002-2006 n\u00eb Empire State University dhe UNYT. Ermiri \u00ebsht\u00eb specialist i ekonomis\u00eb nd\u00ebrkomb\u00ebtare me nj\u00eb karrier\u00eb dhe eksperienc\u00eb te pasur n\u00eb institucione t\u00eb ndryshme financiare e bankare. Ne Shqip\u00ebri, ai ka punuar n\u00eb ProCredit Bank, nd\u00ebrsa n\u00eb Montreal ka punuar n\u00eb Bank\u00ebn Nacionale NBC si k\u00ebshillues personal, p\u00ebr Capital One si k\u00ebshillues borxhi, dhe prej 2021 punon p\u00ebr nj\u00eb institucion financiar si k\u00ebshilltar i p\u00ebrgjithsh\u00ebm.<\/p>\n\n\n\n<p class=\"has-vivid-red-color has-cyan-bluish-gray-background-color has-text-color has-background\"><strong>Glen Kasneci, <strong>An\u00ebtar kryesie<\/strong><\/strong><\/p>\n\n\n\n<p>Ka mbaruar studimet universitare p\u00ebr Administrim Biznesi n\u00eb Universitetin Concordia, Montreal; specializuar n\u00eb biznes nd\u00ebrkomb\u00ebtar dhe n\u00eb praktikat ligjore t\u00eb biznesit. Pas p\u00ebrfundimit me sukses t\u00eb MBA n\u00eb Hult International Business School Boston, \u00ebsht\u00eb pun\u00ebsuar si Portfolio Manager nga firma Rothenberg Wealth Management.<\/p>\n\n\n\n<p><\/p>\n\n\n\n<p><\/p>\n\n\n\n<p>T\u00eb dashur an\u00ebtar\u00eb dhe simpatizant\u00eb, kryesia e re ju shpreh mir\u00ebnjohjen p\u00ebr pjes\u00ebmarrjen dhe mbi t\u00eb gjitha p\u00ebr mb\u00ebshtetjen e gjithan\u00ebshme; morale e financiare.<\/p>\n\n\n\n<p>P\u00ebrfitojm\u00eb nga rasti q\u00eb t\u2019ju premtojm\u00eb se do t\u00eb b\u00ebjm\u00eb m\u00eb t\u00eb mir\u00ebn n\u00eb sh\u00ebrbim t\u00eb komunitetit, p\u00ebr realizimin e objektivit ton\u00eb kryesor: ruajtjen, pasurimin dhe transmetimin e traditave kulturore shqiptare nd\u00ebr breza.<\/p>\n\n\n\n<p>T\u00eb gjith\u00eb ju q\u00eb d\u00ebshironi t\u00eb jepni kontributin tuaj, ose thjesht t\u00eb b\u00ebheni pjes\u00eb e list\u00ebs son\u00eb t\u00eb kontakteve, ju ftojm\u00eb t\u00eb na shkruani n\u00eb adres\u00ebn e-mail: <em>shkshmtl@gmail.com<\/em>.<\/p>\n\n\n\n<p>An\u00ebtar\u00ebsimet mund t\u00eb b\u00ebhen n\u00eb adres\u00ebn : <em>shkshmantar@gmail.com<\/em>.<\/p>\n\n\n\n<p>Me respekt<\/p>\n\n\n\n<p><strong>Kryesia e SHKSHM<\/strong><\/p>\n\n\n\n<p><\/p>\n\n\n\n<h2 class=\"wp-block-heading\">Arkiva<\/h2>\n\n\n\n<ul class=\"wp-block-list\">\n<li><a href=\"https:\/\/acrobat.adobe.com\/link\/track?uri=urn:aaid:scds:US:c5475c21-fa9f-3cd5-bea6-cc617fb2d0af\" data-type=\"link\" data-id=\"https:\/\/acrobat.adobe.com\/link\/track?uri=urn:aaid:scds:US:c5475c21-fa9f-3cd5-bea6-cc617fb2d0af\">Kryesia 2023-2024<\/a><\/li>\n<\/ul>\n\n\n\n<p><\/p>\n","protected":false},"excerpt":{"rendered":"<p>SHOQATA KULTURORE SHQIPTARE MONTREAL &#8211; KRYESIA T\u00eb nderuar an\u00ebtar\u00eb dhe dashamir\u00ebs t\u00eb Shoqat\u00ebs Kulturore Shqiptare t\u00eb Montrealit (Sh.K.Sh.M.), N\u00eb dat\u00ebn 6 prill 2025 u mbajt mbledhja e p\u00ebrgjithshme e Sh.K.Sh.M., ku u analizua puna dy vje\u00e7are e saj dhe u diskutua synimi n\u00eb funksion t\u00eb vazhdim\u00ebsis\u00eb. Nga pjes\u00ebmarrja, u vu re nj\u00eb interesim i plot\u00eb [&hellip;]<\/p>\n","protected":false},"author":1,"featured_media":0,"parent":0,"menu_order":0,"comment_status":"closed","ping_status":"closed","template":"","meta":{"footnotes":""},"class_list":["post-24","page","type-page","status-publish","hentry"],"_links":{"self":[{"href":"https:\/\/albculture.ca\/index.php\/wp-json\/wp\/v2\/pages\/24","targetHints":{"allow":["GET"]}}],"collection":[{"href":"https:\/\/albculture.ca\/index.php\/wp-json\/wp\/v2\/pages"}],"about":[{"href":"https:\/\/albculture.ca\/index.php\/wp-json\/wp\/v2\/types\/page"}],"author":[{"embeddable":true,"href":"https:\/\/albculture.ca\/index.php\/wp-json\/wp\/v2\/users\/1"}],"replies":[{"embeddable":true,"href":"https:\/\/albculture.ca\/index.php\/wp-json\/wp\/v2\/comments?post=24"}],"version-history":[{"count":26,"href":"https:\/\/albculture.ca\/index.php\/wp-json\/wp\/v2\/pages\/24\/revisions"}],"predecessor-version":[{"id":1022,"href":"https:\/\/albculture.ca\/index.php\/wp-json\/wp\/v2\/pages\/24\/revisions\/1022"}],"wp:attachment":[{"href":"https:\/\/albculture.ca\/index.php\/wp-json\/wp\/v2\/media?parent=24"}],"curies":[{"name":"wp","href":"https:\/\/api.w.org\/{rel}","templated":true}]}}